{"id":21,"date":"2020-07-07T16:03:23","date_gmt":"2020-07-07T14:03:23","guid":{"rendered":"http:\/\/oatle.noblogs.org\/?page_id=21"},"modified":"2020-07-13T16:09:59","modified_gmt":"2020-07-13T14:09:59","slug":"termine","status":"publish","type":"page","link":"https:\/\/oatle.noblogs.org\/?page_id=21","title":{"rendered":"Termine"},"content":{"rendered":"<div class=\"entry-content\">\n<p>Es gibt eine neue Termin-Seite f\u00fcr Leipzig, schaut dort vorbei und f\u00fcllt sie mit Terminen: &gt;&gt; <a href=\"https:\/\/www.planlos-leipzig.org\/\"><span style=\"color: #000000\"><strong>planlos-leipzig.org<\/strong><\/span><\/a><span style=\"color: #000000\"> &lt;&lt;<\/span><\/p>\n<p>Sollte es aus irgendwelchen Gr\u00fcnden mit der neuen Seite nicht funktionieren, werden wir wieder auf dieser Seite Termine von Veranstaltungen in Leipzig zusammen suchen und ver\u00f6ffentlichen.<\/p>\n<p>Die alte Termin-Seite f\u00fcr Leipzig war: &gt;&gt;<strong><a href=\"http:\/\/left-action.de\/\">left-action.de<\/a><\/strong>&lt;&lt;.<\/p>\n<\/div>\n","protected":false},"excerpt":{"rendered":"<p>Es gibt eine neue Termin-Seite f\u00fcr Leipzig, schaut dort vorbei und f\u00fcllt sie mit Terminen: &gt;&gt; planlos-leipzig.org &lt;&lt; Sollte es aus irgendwelchen Gr\u00fcnden mit der neuen Seite nicht funktionieren, werden wir wieder auf dieser Seite Termine von Veranstaltungen in Leipzig &hellip; <a href=\"https:\/\/oatle.noblogs.org\/?page_id=21\">Continue reading <span class=\"meta-nav\">&rarr;<\/span><\/a><\/p>\n","protected":false},"author":14535,"featured_media":0,"parent":0,"menu_order":6,"comment_status":"closed","ping_status":"closed","template":"","meta":{"footnotes":""},"class_list":["post-21","page","type-page","status-publish","hentry"],"_links":{"self":[{"href":"https:\/\/oatle.noblogs.org\/index.php?rest_route=\/wp\/v2\/pages\/21","targetHints":{"allow":["GET"]}}],"collection":[{"href":"https:\/\/oatle.noblogs.org\/index.php?rest_route=\/wp\/v2\/pages"}],"about":[{"href":"https:\/\/oatle.noblogs.org\/index.php?rest_route=\/wp\/v2\/types\/page"}],"author":[{"embeddable":true,"href":"https:\/\/oatle.noblogs.org\/index.php?rest_route=\/wp\/v2\/users\/14535"}],"replies":[{"embeddable":true,"href":"https:\/\/oatle.noblogs.org\/index.php?rest_route=%2Fwp%2Fv2%2Fcomments&post=21"}],"version-history":[{"count":2,"href":"https:\/\/oatle.noblogs.org\/index.php?rest_route=\/wp\/v2\/pages\/21\/revisions"}],"predecessor-version":[{"id":23,"href":"https:\/\/oatle.noblogs.org\/index.php?rest_route=\/wp\/v2\/pages\/21\/revisions\/23"}],"wp:attachment":[{"href":"https:\/\/oatle.noblogs.org\/index.php?rest_route=%2Fwp%2Fv2%2Fmedia&parent=21"}],"curies":[{"name":"wp","href":"https:\/\/api.w.org\/{rel}","templated":true}]}}