{"id":17,"date":"2020-07-07T16:00:31","date_gmt":"2020-07-07T14:00:31","guid":{"rendered":"http:\/\/oatle.noblogs.org\/?page_id=17"},"modified":"2025-11-10T17:47:28","modified_gmt":"2025-11-10T16:47:28","slug":"geschichte","status":"publish","type":"page","link":"https:\/\/oatle.noblogs.org\/?page_id=17","title":{"rendered":"Geschichte"},"content":{"rendered":"<div class=\"entry-content\">\n<p><span style=\"color: #000000\">Hier finden sich Links zu Kampagnen, B\u00fcndnissen, Demonstrationen und Gruppen, die es nicht mehr gibt oder beendet wurden (die Sammlung ist nicht vollst\u00e4ndig).<\/span><\/p>\n<h2><span style=\"color: #000000\">B\u00fcndnisse<\/span><\/h2>\n<ul>\n<li><span style=\"color: #000000\"><a style=\"color: #000000\" href=\"http:\/\/refugeeswelcome.blogsport.eu\/\"><strong>B\u00fcndnis \u00bbRefugees Welcome\u00ab Leipzig<\/strong><\/a><\/span><\/li>\n<li><span style=\"color: #000000\"><a style=\"color: #000000\" href=\"http:\/\/anlw.blogsport.de\/\"><strong>Antifaschistisches Netzwerk Leipzig-West<\/strong><\/a><\/span><\/li>\n<li><span style=\"color: #000000\"><a style=\"color: #000000\" href=\"http:\/\/inex.blogsport.de\/\"><strong>Inititative gegen jeden Extremismusbegriff<\/strong><\/a><\/span><\/li>\n<li><span style=\"color: #000000\"><strong><a style=\"color: #000000\" href=\"https:\/\/www.nadir.org\/nadir\/initiativ\/bgr\/\">B\u00fcndnis gegen Rechts \/ B\u00fcndnis gegen Realit\u00e4t<\/a><\/strong><\/span><\/li>\n<li><span style=\"color: #000000\"><a style=\"color: #000000\" href=\"https:\/\/wasteland.noblogs.org\/\"><strong>Wasteland &#8211; Vernetzung antifaschistischer und antirassistischer Gruppen Ost<\/strong><\/a><\/span><\/li>\n<\/ul>\n<h2>Termine<\/h2>\n<ul>\n<li><strong><span style=\"color: #000000\"><a style=\"color: #000000\" href=\"https:\/\/left-action.de\/\">Left-Action.de<\/a><\/span><\/strong><\/li>\n<\/ul>\n<h2><span style=\"color: #000000\">Zeitungen \/ Radio<\/span><\/h2>\n<ul>\n<li><span style=\"color: #000000\"><strong><a style=\"color: #000000\" href=\"http:\/\/left-action.de\/incipito\/\">Incipito<\/a><\/strong><\/span><\/li>\n<li><span style=\"color: #000000\"><strong>LAIKA<\/strong><\/span><\/li>\n<li><span style=\"color: #000000\"><a style=\"color: #000000\" href=\"http:\/\/www.public-ip.org\/index.html\"><strong>Public Information Platform<\/strong><\/a><\/span><\/li>\n<li><span style=\"color: #000000\"><a style=\"color: #000000\" href=\"https:\/\/www.freie-radios.net\/\"><strong>freie-radios.net<\/strong><\/a><\/span><\/li>\n<\/ul>\n<h2><span style=\"color: #000000\">Kampagnen<\/span><\/h2>\n<ul>\n<li><span style=\"color: #000000\"><a style=\"color: #000000\" href=\"https:\/\/mondaywithoutyou.noblogs.org\/\"><strong>a monday without you<\/strong><\/a><\/span><\/li>\n<li><span style=\"color: #000000\"><strong><a style=\"color: #000000\" href=\"https:\/\/netzwerke.noblogs.org\/\">Rechte Netzwerke zerschlagen!<\/a><\/strong><\/span><\/li>\n<li><span style=\"color: #000000\"><strong>Solidarit\u00e4ts-Kampagne Dazusetzen!<\/strong> -\u201e<a style=\"color: #000000\" href=\"http:\/\/dazusetzen.de\/\">Wir h\u00e4tten uns dazugesetzt<\/a>\u201e<\/span><\/li>\n<li><span style=\"color: #000000\"><strong><a style=\"color: #000000\" href=\"http:\/\/www.gedenkkongress.de\/\">Gedenkkongress 2015<\/a><\/strong><\/span><\/li>\n<li><span style=\"color: #000000\"><strong><a style=\"color: #000000\" href=\"http:\/\/www.sachsens-demokratie.net\/\">Sachsens Demokratie<\/a><\/strong><\/span><\/li>\n<li><span style=\"color: #000000\"><a style=\"color: #000000\" href=\"http:\/\/129ev.blogsport.eu\/\"><strong>Kampagne 129ev<\/strong><\/a><\/span><\/li>\n<li><span style=\"color: #000000\"><a style=\"color: #000000\" href=\"http:\/\/npdversenken.blogsport.eu\/\"><strong>Das NPD Flaggschiff versenken<\/strong> <\/a><\/span><\/li>\n<li><span style=\"color: #000000\"><strong><a style=\"color: #000000\" href=\"https:\/\/www.inventati.org\/leipzig\/?p=2446\">Fence Off \u2013 Weg mit dem Nazi-Zentrum in Leipzig!<\/a><\/strong><\/span><\/li>\n<li><span style=\"color: #000000\"><strong><a style=\"color: #000000\" href=\"http:\/\/inex.blogsport.de\/2011\/03\/25\/mitschnitte-der-stalinismus-veranstaltungsreihe\/\">Kritik des Stalinismus <\/a><\/strong><\/span><\/li>\n<li><span style=\"color: #000000\"><strong><a style=\"color: #000000\" href=\"http:\/\/mayday2011.blogsport.eu\/demonstration-am-30-04\/\">The Future is Unwritten \u2013 f\u00fcr eine Perspektive jenseits von Arbeitswahn und Staatsfetisch<\/a><\/strong><\/span><\/li>\n<li><span style=\"color: #000000\"><strong><a style=\"color: #000000\" href=\"http:\/\/lebenaberwie.blogsport.eu\/\">\u2026Und Leben?<\/a><\/strong><\/span><\/li>\n<li><span style=\"color: #000000\"><strong><a style=\"color: #000000\" href=\"http:\/\/itworks.blogsport.de\/\">It works! \u2026wie lange noch? \u2013 Sterndemonstrationen am 1.Mai in Leipzig<\/a><\/strong><\/span><\/li>\n<li><span style=\"color: #000000\"><strong><a style=\"color: #000000\" href=\"http:\/\/antide2009.blogsport.de\/\">Still not lovin\u00b4 Germany<\/a><\/strong><\/span><\/li>\n<li><span style=\"color: #000000\"><strong><a style=\"color: #000000\" href=\"http:\/\/left-action.de\/aok\/\">Anti-Olympisches Komitee<\/a><\/strong><\/span><\/li>\n<li><span style=\"color: #000000\"><strong><a style=\"color: #000000\" href=\"https:\/\/www.nadir.org\/nadir\/initiativ\/bgr\/pages\/antieuropa.htm\">Die neue Heimat Europa verraten.<\/a><\/strong><\/span><\/li>\n<li><span style=\"color: #000000\"><strong><a style=\"color: #000000\" href=\"https:\/\/www.nadir.org\/nadir\/initiativ\/bgr\/pages\/noeurope.htm\">Kein Frieden mit Deutschland<\/a><\/strong><\/span><\/li>\n<li><span style=\"color: #000000\"><strong><a style=\"color: #000000\" href=\"http:\/\/left-action.de\/arbeit\/index.html\">Gegen Arbeitswahn und Kapitalismus.<\/a><\/strong><\/span><\/li>\n<li><span style=\"color: #000000\"><strong><a style=\"color: #000000\" href=\"http:\/\/left-action.de\/arbeit\/old\/index.html\">Arbeiten lassen. Veranstaltungsreihe gegen die Arbeit <\/a><\/strong><\/span><\/li>\n<li><span style=\"color: #000000\"><strong><a style=\"color: #000000\" href=\"https:\/\/www.nadir.org\/nadir\/initiativ\/bgr\/kampagne\/kongress\/index.htm\">Antifakongre\u00df 2001 \u2013 Das Jahr in dem wir Kontakt aufnehmen<\/a><\/strong><\/span><\/li>\n<li><span style=\"color: #000000\"><strong><a style=\"color: #000000\" href=\"https:\/\/www.nadir.org\/nadir\/archiv\/Antirassismus\/sachsen_broschuere\/\">Ausstellung &amp; Brosch\u00fcre \u2013 \u201eAbschiebehaft in Sachsen\u201c<\/a><\/strong><\/span><\/li>\n<li><span style=\"color: #000000\"><strong><a style=\"color: #000000\" href=\"https:\/\/www.nadir.org\/nadir\/initiativ\/bgr\/kampagne\/save\/index.htm\">Save the Resistance!<\/a><\/strong><\/span><\/li>\n<li><span style=\"color: #000000\"><strong><a style=\"color: #000000\" href=\"http:\/\/left-action.de\/archiv\/camp01\/index.htm\">Aktion \u201eAmt f\u00fcr wirklich wichtige Arbeit\u201c <\/a><\/strong><\/span><\/li>\n<li><span style=\"color: #000000\"><strong><a style=\"color: #000000\" href=\"http:\/\/left-action.de\/archiv\/verstaerker\/index.htm\">Verst\u00e4rkerkongre\u00df<\/a><\/strong><\/span><\/li>\n<li><span style=\"color: #000000\"><strong><a style=\"color: #000000\" href=\"http:\/\/www.nadir.org\/nadir\/initiativ\/bgr\/kampagne\/wende\/index.htm\"><span style=\"color: #000000\">AG 89 \u2013 10 Jahre Wende<\/span><\/a><\/strong><\/span><\/li>\n<li><span style=\"color: #000000\"><strong><a style=\"color: #000000\" href=\"http:\/\/socialcenter-leipzig.de\/\">Social Center Leipzig<\/a><\/strong><\/span><\/li>\n<li><span style=\"color: #000000\"><a style=\"color: #000000\" href=\"https:\/\/irankampagnele.wordpress.com\/\"><strong>Leipziger B\u00fcndnis gegen die Irandelegation<\/strong><\/a><\/span><\/li>\n<li><span style=\"color: #000000\"><a style=\"color: #000000\" href=\"http:\/\/ladyfest.leipzigerinnen.de\/\"><strong>LADIYFEST LEIPZIG 2017<\/strong><\/a><\/span><\/li>\n<li><span style=\"color: #000000\"><a style=\"color: #000000\" href=\"http:\/\/tatortbrandis.blogsport.eu\/\"><strong>Tatort Brandis<\/strong><\/a><\/span><\/li>\n<li><span style=\"color: #000000\"><a style=\"color: #000000\" href=\"https:\/\/leipzig.noblogs.org\/\"><strong>Leipzig.noblogs.org<\/strong><\/a><\/span><\/li>\n<li><span style=\"color: #000000\"><a style=\"color: #000000\" href=\"http:\/\/www.menschen-wuerdig.org\/\"><strong>Initiativkreis: Menschen.W\u00fcrdig.<\/strong> &#8211; Kampagne f\u00fcr menschenw\u00fcrdiges Leben &amp; Wohnen auch f\u00fcr Asylsuchende<\/a><\/span><\/li>\n<li><span style=\"color: #000000\"><a style=\"color: #000000\" href=\"https:\/\/de-de.facebook.com\/ConnewitzFuerGefluechtete\/\"><strong>Connewitz f\u00fcr Gefl\u00fcchtete<\/strong><\/a><\/span><\/li>\n<li><span style=\"color: #000000\"><a style=\"color: #000000\" href=\"https:\/\/www.wir-streiken.de\/\"><strong>Frauen*streik 2019<\/strong><\/a><\/span><\/li>\n<li><span style=\"color: #000000\"><strong><a style=\"color: #000000\" href=\"https:\/\/noeucn.org\/\">Plattform gegen den EU China Gipfel<\/a><\/strong><\/span><\/li>\n<\/ul>\n<h2><span style=\"color: #000000\">Gruppen<\/span><\/h2>\n<ul>\n<li><span style=\"color: #000000\"><strong><a style=\"color: #000000\" href=\"https:\/\/www.nadir.org\/nadir\/initiativ\/antira-leipzig\/kampagnen.htm\">Antirassistische Gruppe Leipzig<\/a><\/strong><\/span><\/li>\n<li><span style=\"color: #000000\"><a style=\"color: #000000\" href=\"https:\/\/antifakleinparis.noblogs.org\/\"><strong>Antifa Klein-Paris<\/strong><\/a><\/span><\/li>\n<li><span style=\"color: #000000\"><strong><a style=\"color: #000000\" href=\"https:\/\/sicsomethingincommon.wordpress.com\/\">something in common<\/a><\/strong><\/span><\/li>\n<li><span style=\"color: #000000\"><strong><a style=\"color: #000000\" href=\"http:\/\/transinterlesbianfeminist.blogsport.de\/\">TRANS*-INTER*-LES[BI]AN-FEMINIST<\/a><\/strong><\/span><\/li>\n<li><span style=\"color: #000000\"><a style=\"color: #000000\" href=\"http:\/\/meinefrauengruppe.blogsport.de\/\"><strong>meine frauengruppe<\/strong><\/a><\/span><\/li>\n<li><span style=\"color: #000000\"><strong><a style=\"color: #000000\" href=\"http:\/\/initiativkreisintegration.blogsport.de\/\">Initiativkreis NoHEim<\/a><\/strong><\/span><\/li>\n<li><span style=\"color: #000000\"><strong><a style=\"color: #000000\" href=\"http:\/\/umtauschini.blogsport.de\/\">umtauschinitiative leipzig<\/a><\/strong><\/span><\/li>\n<li><span style=\"color: #000000\"><a style=\"color: #000000\" href=\"http:\/\/unbedingt.blogsport.eu\/\"><strong>unbedingt<\/strong><\/a><\/span><\/li>\n<li><span style=\"color: #000000\"><strong><a style=\"color: #000000\" href=\"http:\/\/annaundarthur.blogsport.de\/\">[A.U.A.] Anna und Arthur im Hinterland!<\/a><\/strong><\/span><\/li>\n<li><span style=\"color: #000000\"><a style=\"color: #000000\" href=\"http:\/\/grenzenlos.antira.info\/\"><strong>Grenzenlos<\/strong><\/a><\/span><\/li>\n<li><span style=\"color: #000000\"><strong><a style=\"color: #000000\" href=\"https:\/\/gigleipzig.wordpress.com\/\">GRUPPE IN GR\u00dcNDUNG LEIPZIG<\/a><\/strong><\/span><\/li>\n<li><span style=\"color: #000000\"><strong><a style=\"color: #000000\" href=\"https:\/\/yabastaleipzig.noblogs.org\/\">Ya Basta Leipzig <\/a><\/strong><\/span><\/li>\n<li><span style=\"color: #000000\"><strong><a style=\"color: #000000\" href=\"http:\/\/lexil.blogsport.de\/\">LExil<\/a><\/strong><\/span><\/li>\n<li><span style=\"color: #000000\"><strong><a style=\"color: #000000\" href=\"http:\/\/welcome2stay.org\/de\/\">Welcome2Stay<\/a><\/strong><\/span><\/li>\n<li><span style=\"color: #000000\"><strong><a style=\"color: #000000\" href=\"http:\/\/leipzigerkamera.twoday.net\/\">Leipziger Kamera \u2013 Initiative gegen \u00dcberwachung <\/a><\/strong><\/span><\/li>\n<li><span style=\"color: #000000\"><strong><a style=\"color: #000000\" href=\"http:\/\/projekte.blogsport.eu\/\">projekt.emanzipation<\/a><\/strong><\/span><\/li>\n<li><span style=\"color: #000000\"><strong><a style=\"color: #000000\" href=\"http:\/\/doppelplusgut.blogsport.de\/\">doppelplusgut e.V.<\/a><\/strong><\/span><\/li>\n<li><span style=\"color: #000000\"><strong><a style=\"color: #000000\" href=\"http:\/\/agleipzig.blogsport.de\/\">Antinationale Gruppe Leipzig (A.G.L.)\u00a0<\/a><\/strong><\/span><\/li>\n<li><span style=\"color: #000000\"><strong><a style=\"color: #000000\" href=\"http:\/\/ajs.blogsport.de\/\">Antifaschistische Jugend S\u00fcd (AJS)<\/a><\/strong><\/span><\/li>\n<li><span style=\"color: #000000\"><strong><a style=\"color: #000000\" href=\"http:\/\/bleiberechtmittelsachsen.blogsport.de\/\">Support der Asylbewerber im Leipzigerland<\/a><\/strong><\/span><\/li>\n<li><span style=\"color: #000000\"><a style=\"color: #000000\" href=\"http:\/\/fanpoebelgruenau.de.tl\/Home.htm\"><strong>Roter Stern Leipzig \u2013 Fanp\u00f6bel Gr\u00fcnau<\/strong> <\/a><\/span><\/li>\n<li><span style=\"color: #000000\"><a style=\"color: #000000\" href=\"http:\/\/kaltland.blogsport.eu\/\"><strong>Reisegruppe Kaltland<\/strong><\/a><\/span><\/li>\n<li><span style=\"color: #000000\"><strong><a style=\"color: #000000\" href=\"https:\/\/dabeibleiben.noblogs.org\/\">dabei geblieben<\/a><\/strong><\/span><\/li>\n<li><span style=\"color: #000000\"><strong><a style=\"color: #000000\" href=\"https:\/\/www.facebook.com\/Korrektiv-Negativ-882403108472441\/\">Korrektiv Negativ<\/a><\/strong><\/span><\/li>\n<li><span style=\"color: #000000\"><strong><a style=\"color: #000000\" href=\"http:\/\/josephine.blogsport.de\/\">joseph_ine \u2013 queer-feministischer abend<\/a><\/strong><\/span><\/li>\n<li><span style=\"color: #000000\"><strong><a style=\"color: #000000\" href=\"http:\/\/paranoidparadise.de\/\">PARANOID PARADISE<\/a><\/strong><\/span><\/li>\n<li><span style=\"color: #000000\"><strong><a style=\"color: #000000\" href=\"https:\/\/idahitleipzig.wordpress.com\/\">idahitleipzig<\/a><\/strong><\/span><\/li>\n<li><span style=\"color: #000000\"><strong><a style=\"color: #000000\" href=\"https:\/\/squeeziequeerzinefest.home.blog\/\">Squeezie Queer Zinefest Leipzig<\/a><\/strong><\/span><\/li>\n<li><strong><span style=\"color: #000000\"><a style=\"color: #000000\" href=\"https:\/\/www.unwritten-future.org\/\">The Future Is Unwritten<\/a><\/span><\/strong><\/li>\n<li><span style=\"color: #000000\"><a style=\"color: #000000\" href=\"http:\/\/rashle.blogsport.de\/\"><strong>RASH Leipzig<\/strong><\/a><\/span><\/li>\n<li><span style=\"color: #000000\"><strong><a style=\"color: #000000\" href=\"http:\/\/agantifa.blogsport.de\/\">AG Antifa<\/a><\/strong><\/span><\/li>\n<li><span style=\"color: #000000\"><strong><a style=\"color: #000000\" href=\"https:\/\/www.facebook.com\/ak.unbehagen\/\">ak.unbehagen<\/a><\/strong><\/span><\/li>\n<li><span style=\"color: #000000\"><strong><a style=\"color: #000000\" href=\"http:\/\/asjl.blogsport.de\/\">Anarchosyndikalistische Jugend Leipzig<\/a><\/strong><\/span><\/li>\n<li><span style=\"color: #000000\"><strong><a style=\"color: #000000\" href=\"https:\/\/www.facebook.com\/KulturraumEV\/\">Kulturraum e.V. &#8211; KreV<\/a><\/strong><\/span><\/li>\n<li><span style=\"color: #000000\"><strong><a style=\"color: #000000\" href=\"https:\/\/baaleipzig.wordpress.com\/\">B\u00fcndnis gegen Antisemitismus und Antizionismus Leipzig<\/a><\/strong><\/span><\/li>\n<li><span style=\"color: #000000\"><a style=\"color: #000000\" href=\"https:\/\/irankampagnele.wordpress.com\/\"><strong>Leipziger B\u00fcndnis gegen die Irandelegation<\/strong><\/a><\/span><\/li>\n<li><span style=\"color: #000000\"><a style=\"color: #000000\" href=\"http:\/\/antideutscheaktionleipzig.blogsport.de\/\"><strong>Antideutsche Aktion Leipzig<\/strong><\/a><\/span><\/li>\n<li><span style=\"color: #000000\"><strong><a style=\"color: #000000\" href=\"http:\/\/roter-salon.conne-island.de\/\">Roter Salon<\/a><\/strong><\/span><\/li>\n<li><span style=\"color: #000000\"><strong><a style=\"color: #000000\" href=\"http:\/\/www.organize-leipzig.net\/\">ORGANIZE! &#8211; Vernetzung f\u00fcr Solidarit\u00e4t und kollektive Selbsterm\u00e4chtigung<\/a><\/strong><\/span><\/li>\n<li><span style=\"color: #000000\"><strong><a style=\"color: #000000\" href=\"https:\/\/www.facebook.com\/SJLeipzig\/?ref=py_c\"> Solidarische Jugend Leipzig<\/a><\/strong><\/span><\/li>\n<\/ul>\n<h2><span style=\"color: #000000\">Demonstrationen<\/span><\/h2>\n<ul>\n<li><span style=\"color: #000000\"><strong><a style=\"color: #000000\" href=\"https:\/\/www.inventati.org\/leipzig\/?page_id=4592\">Leipzig 18.03.2017<\/a><\/strong> \u2013 Neonaziaufmarsch<\/span><\/li>\n<li><span style=\"color: #000000\"><a style=\"color: #000000\" href=\"http:\/\/fktle.blogsport.eu\/\"><strong>Leipzig 11.03.2017<\/strong><\/a> \u2013 \u201e<em>No Rollback! #Hollaback! Fight Back! \u2013 Feministische K\u00e4mpfe in die Offensive!\u201c<\/em><\/span><\/li>\n<li><span style=\"color: #000000\"><strong><a style=\"color: #000000\" href=\"http:\/\/12maerzleipzig.blogsport.de\/\">Leipzig 12.03.2016<\/a><\/strong> \u2013 \u201eK\u00e4mpfe verbinden \u2013 Patriarchat \u00fcberwinden\u201c<\/span><\/li>\n<li><span style=\"color: #000000\"><strong><a style=\"color: #000000\" href=\"https:\/\/www.inventati.org\/leipzig\/?page_id=3853\">Leipzig 12.12.2015<\/a><\/strong> \u2013 Neonaziaufmarsch<\/span><\/li>\n<li><span style=\"color: #000000\"><strong><a style=\"color: #000000\" href=\"http:\/\/8maerzleipzig.blogsport.eu\/\">Leipzig 08.03.2015<\/a><\/strong> \u201eK\u00e4mpfe vereinen! F\u00fcr eine revolution\u00e4r-feministische Perspektive! Gegen Sexismus und Patriarchat!\u201c<\/span><\/li>\n<li><span style=\"color: #000000\"><a style=\"color: #000000\" href=\"http:\/\/rackwitz.blogsport.eu\/\"><strong>Rackwitz 2013<\/strong><\/a> \u2013 \u201ePogrome verhindern, bevor sie passieren! Keine Chance f\u00fcr rassistische Brandstifter_innen!\u201c<\/span><\/li>\n<li><span style=\"color: #000000\"><strong><a style=\"color: #000000\" href=\"https:\/\/nodancingwithnazis.noblogs.org\/\">Delitzsch 2013 \/<\/a><\/strong><a style=\"color: #000000\" href=\"https:\/\/nodancingwithnazis.noblogs.org\/\"> 2014<\/a> \u2013 \u201eNo Dancing With Nazis\u201c<\/span><\/li>\n<li><span style=\"color: #000000\"><a style=\"color: #000000\" href=\"http:\/\/naziterrorentgegentreten.blogsport.eu\/\"><strong>Delitzsch 2012<\/strong><\/a> \u2013 \u201eNaziterror entgegentreten \u2013 immer und \u00fcberall\u201c<\/span><\/li>\n<li><span style=\"color: #000000\"><a style=\"color: #000000\" href=\"http:\/\/1610.blogsport.de\/\"><strong>Leipzig 16.10.2010<\/strong><\/a> \u2013 \u201eRoter Oktober \/ Naziaufm\u00e4rsche verhindern\u201c<\/span><\/li>\n<li><span style=\"color: #000000\"><strong><a style=\"color: #000000\" href=\"http:\/\/www.roter-stern-leipzig.de\/news525.html\">Brandis 2010<\/a><\/strong> \u2013 \u201eWir geben keine Ruhe\u201c<\/span><\/li>\n<li><span style=\"color: #000000\"><strong><a style=\"color: #000000\" href=\"http:\/\/301209.blogsport.de\/\">Leipzig 30.12.2009<\/a><\/strong> \u2013 \u201eIch lass mich doch hier nicht verarschen!\u201c<\/span><\/li>\n<li><span style=\"color: #000000\"><strong><a style=\"color: #000000\" href=\"http:\/\/17oktoberleipzig.blogsport.de\/\">Leipzig 17.10.2009<\/a><\/strong> \u2013 \u201eIm Herbst fallen nicht nur die Bl\u00e4tter\u201c<\/span><\/li>\n<li><span style=\"color: #000000\"><strong><a style=\"color: #000000\" href=\"http:\/\/left-action.de\/archiv\/44.shtml\">Rock am Kreuz 2009<\/a><\/strong> \u2013 \u201eMit der Knolle in der Wolle!\u201c\u00a0<\/span><\/li>\n<li><span style=\"color: #000000\"><strong><a style=\"color: #000000\" href=\"http:\/\/ladenschluss.blogsport.eu\/2009\/08\/14\/am-15-august-kopf-hoch-nazis-die-stirn-bieten\/\">Markkleeberg 2009<\/a><\/strong> \u2013 \u201eKopf hoch \u2013 Nazis die Stirn bieten!\u201c<\/span><\/li>\n<li><span style=\"color: #000000\"><strong><a style=\"color: #000000\" href=\"http:\/\/left-action.de\/archiv\/49.shtml\">Leipzig 05.08.2009<\/a><\/strong> \u2013 \u201eAntisemitInnen jeglicher Couleur entgegentreten!\u201c\u00a0<\/span><\/li>\n<li><span style=\"color: #000000\"><a style=\"color: #000000\" href=\"http:\/\/achtermaileipzig.blogsport.de\/\"><strong>Leipzig 08.05.2009<\/strong><\/a> \u2013 \u201eEs gibt nichts zu feiern \u2013 au\u00dfer den 8. Mai!\u201c<\/span><\/li>\n<li><span style=\"color: #000000\"><strong><a style=\"color: #000000\" href=\"http:\/\/wurzen.blogsport.de\/\">Wurzen 2009<\/a><\/strong> \u2013 \u201eRassistenzone Sorglosland \u2013 Es gibt kein ruhiges Hinterland\u201c<\/span><\/li>\n<li><span style=\"color: #000000\"><a style=\"color: #000000\" href=\"http:\/\/left-action.de\/archiv\/33.shtml\"><strong>Wurzen 2008<\/strong><\/a> \u2013 \u201eFront Records auf die Pelle r\u00fccken\u201c<\/span><\/li>\n<li><span style=\"color: #000000\"><strong><a style=\"color: #000000\" href=\"http:\/\/left-action.de\/archiv\/29.shtml\">Leipzig 2007<\/a><\/strong> \u2013 \u201eAntifa-Demo in Leipzig-Gr\u00fcnau\u201c<\/span><\/li>\n<li><span style=\"color: #000000\"><strong><a style=\"color: #000000\" href=\"http:\/\/left-action.de\/archiv\/28.shtml\">Mittweida 2007<\/a><\/strong> \u2013 \u201eDEN NAZITERROR STOPPEN ALTERNATIVE FREIR\u00c4UME SCHAFFEN\u201c<\/span><\/li>\n<li><span style=\"color: #000000\"><a style=\"color: #000000\" href=\"http:\/\/left-action.de\/archiv\/20.shtml\"><strong>Wernigerode 2006<\/strong><\/a> \u2013 \u201eDen Nazis auf die Pelle r\u00fccken\u201c<\/span><\/li>\n<li><span style=\"color: #000000\"><strong><a style=\"color: #000000\" href=\"http:\/\/left-action.de\/archiv\/18.shtml\">Wurzen 2006<\/a><\/strong> \u2013 \u201eKein Vergeben, kein Vergessen!<\/span><br \/>\n<span style=\"color: #000000\">Rassisten den Krieg erkl\u00e4ren!\u201c<\/span><\/li>\n<li><span style=\"color: #000000\"><strong><a style=\"color: #000000\" href=\"http:\/\/left-action.de\/archiv\/11.shtml\">Leipzig 01.10.2005<\/a><\/strong> \u2013 \u201e3.Oktober \u2013 Tag der Einheit. Einheit mit Nazis\u201c<\/span><\/li>\n<li><span style=\"color: #000000\"><strong><a style=\"color: #000000\" href=\"http:\/\/left-action.de\/archiv\/0307101056.shtml\">Leipzig 19.07.2003<\/a><\/strong> \u2013 \u201eDeutsche Realit\u00e4ten angreifen \u2013<\/span><br \/>\n<span style=\"color: #000000\">F\u00fcr eine herrschaftsfreie Gesellschaft!\u201c<\/span><\/li>\n<li><span style=\"color: #000000\"><strong><a style=\"color: #000000\" href=\"http:\/\/left-action.de\/archiv\/0209171950.shtml\">Leipzig 03.10.2002<\/a><\/strong> \u2013 \u201eEs gibt nichts zu feiern!<\/span><br \/>\n<span style=\"color: #000000\">Nie wieder Deutschland!\u201c<\/span><\/li>\n<li><span style=\"color: #000000\"><strong><a style=\"color: #000000\" href=\"http:\/\/left-action.de\/archiv\/0204301819.shtml\">Leipzig 08.06.2002<\/a><\/strong> \u2013 \u201eNeues Spiel. Neues Gl\u00fcck. Neuer Spass!\u201c<\/span><\/li>\n<li><span style=\"color: #000000\"><strong><a style=\"color: #000000\" href=\"http:\/\/left-action.de\/archiv\/0109152244.shtml\">Leipzig 14.10.2001<\/a><\/strong> \u201eSystemcheck: Unser Staat ist in Ordnung! Demo gegen \u00a7129-Ermittlungsverfahren in Leipzig\u201c<\/span><\/li>\n<li><span style=\"color: #000000\"><strong><a style=\"color: #000000\" href=\"http:\/\/www.left-action.de\/archiv\/krieg\/index.htm\">Leipzig 2001 <\/a><\/strong>\u2013 \u201eDeutschland den Krieg erkl\u00e4ren!\u201c<\/span><\/li>\n<li><span style=\"color: #000000\"><strong><a style=\"color: #000000\" href=\"http:\/\/left-action.de\/archiv\/0101281626.shtml\">Sebnitz 2001<\/a> \/ <a style=\"color: #000000\" href=\"https:\/\/www.nadir.org\/nadir\/initiativ\/bgr\/aufrufe\/sebnitz.htm\">BgR<\/a><\/strong> \u2013 \u201e\u00d6ffentliche Hinrichtung\u201c<\/span><\/li>\n<li><span style=\"color: #000000\"><strong><a style=\"color: #000000\" href=\"https:\/\/www.conne-island.de\/nf\/66\/26.html\">Leipzig 17.06.2000<\/a><\/strong> \u2013 \u201eWir wollen kein Teil einer Nazi-Bewegung sein! Die Zeit ist reif\u2026\u201c<\/span><\/li>\n<li><span style=\"color: #000000\"><strong><a style=\"color: #000000\" href=\"http:\/\/left-action.de\/archiv\/delitzsch\/index.htm\">Delitzsch 2000<\/a><\/strong> \u2013 \u201eDelitzsch nicht in Nazihand \u2013 Den \u201ePakt\u201c zwischen Nazis und Beh\u00f6rden angreifen\u201c<\/span><\/li>\n<li><span style=\"color: #000000\"><strong><a style=\"color: #000000\" href=\"https:\/\/www.nadir.org\/nadir\/initiativ\/bgr\/kampagne\/rostock\/index.htm\">Rostock 1998<\/a><\/strong> \u2013 \u201eNaziaufmarsch in Rostock verhindern!\u201c<\/span><\/li>\n<li><span style=\"color: #000000\"><strong><a style=\"color: #000000\" href=\"https:\/\/www.nadir.org\/nadir\/initiativ\/bgr\/kampagne\/mai\/index.htm\">1. Mai 1998 Leipzig<\/a><\/strong> \u2013 Neonaziaufmarsch<\/span><\/li>\n<li><span style=\"color: #000000\"><strong><a style=\"color: #000000\" href=\"https:\/\/www.nadir.org\/nadir\/initiativ\/bgr\/kampagne\/saalfeld\/index.htm\">Saalfeld 1998<\/a><\/strong> \u2013 \u201eGegen jeden rechten Konsens \u2013 Antifaschismus l\u00e4\u00dft sich nicht verbieten! Stoppt faschistische und rassistische \u00dcbergriffe!\u201c<\/span><\/li>\n<li><span style=\"color: #000000\"><strong><a style=\"color: #000000\" href=\"https:\/\/www.nadir.org\/nadir\/initiativ\/bgr\/kampagne\/wurzen\/index.htm\"> Wurzen 1996<\/a><\/strong> \u2013 \u201eKampf den braunen Zonen \u2013 den rechten Konsens durchbrechen! Keine R\u00e4ume f\u00fcr Faschisten! \u201e<\/span><\/li>\n<\/ul>\n<\/div>\n","protected":false},"excerpt":{"rendered":"<p>Hier finden sich Links zu Kampagnen, B\u00fcndnissen, Demonstrationen und Gruppen, die es nicht mehr gibt oder beendet wurden (die Sammlung ist nicht vollst\u00e4ndig). B\u00fcndnisse B\u00fcndnis \u00bbRefugees Welcome\u00ab Leipzig Antifaschistisches Netzwerk Leipzig-West Inititative gegen jeden Extremismusbegriff B\u00fcndnis gegen Rechts \/ B\u00fcndnis &hellip; <a href=\"https:\/\/oatle.noblogs.org\/?page_id=17\">Continue reading <span class=\"meta-nav\">&rarr;<\/span><\/a><\/p>\n","protected":false},"author":14535,"featured_media":0,"parent":0,"menu_order":4,"comment_status":"closed","ping_status":"closed","template":"","meta":{"footnotes":""},"class_list":["post-17","page","type-page","status-publish","hentry"],"_links":{"self":[{"href":"https:\/\/oatle.noblogs.org\/index.php?rest_route=\/wp\/v2\/pages\/17","targetHints":{"allow":["GET"]}}],"collection":[{"href":"https:\/\/oatle.noblogs.org\/index.php?rest_route=\/wp\/v2\/pages"}],"about":[{"href":"https:\/\/oatle.noblogs.org\/index.php?rest_route=\/wp\/v2\/types\/page"}],"author":[{"embeddable":true,"href":"https:\/\/oatle.noblogs.org\/index.php?rest_route=\/wp\/v2\/users\/14535"}],"replies":[{"embeddable":true,"href":"https:\/\/oatle.noblogs.org\/index.php?rest_route=%2Fwp%2Fv2%2Fcomments&post=17"}],"version-history":[{"count":12,"href":"https:\/\/oatle.noblogs.org\/index.php?rest_route=\/wp\/v2\/pages\/17\/revisions"}],"predecessor-version":[{"id":264,"href":"https:\/\/oatle.noblogs.org\/index.php?rest_route=\/wp\/v2\/pages\/17\/revisions\/264"}],"wp:attachment":[{"href":"https:\/\/oatle.noblogs.org\/index.php?rest_route=%2Fwp%2Fv2%2Fmedia&parent=17"}],"curies":[{"name":"wp","href":"https:\/\/api.w.org\/{rel}","templated":true}]}}