{"id":15,"date":"2020-07-07T15:58:48","date_gmt":"2020-07-07T13:58:48","guid":{"rendered":"http:\/\/oatle.noblogs.org\/?page_id=15"},"modified":"2025-05-16T15:00:54","modified_gmt":"2025-05-16T13:00:54","slug":"oat","status":"publish","type":"page","link":"https:\/\/oatle.noblogs.org\/?page_id=15","title":{"rendered":"OAT"},"content":{"rendered":"<p>Nicht in einer politischen Gruppe organisiert? Neu in der Stadt? Kein Bock auf Nazis? Probleme mit den Rechten? Aus \u00dcberzeugung gegen Rassismus und Faschismus?<\/p>\n<p>In ganz Deutschland werden Unterk\u00fcnfte f\u00fcr Gefl\u00fcchtete attackiert und in Brand gesetzt, besonders h\u00e4ufig in Sachsen. Rassist*innen und Nazis marschieren Woche f\u00fcr Woche in den unterschiedlichsten Orten auf. Am Rande dieser rechten Veranstaltungen werden Menschen von Nazis und Rassist*innen immer wieder bedroht und angegriffen. Jenseits von unkoordinierten Interventionsversuchen ist kaum nennenswerter Widerstand sichtbar. B\u00fcrgerlichen Protest gibt es kaum bis nie, gleichzeitig werden die verbliebenen Gegendemonstrant*innen mit staatlicher Repression \u00fcberzogen.<\/p>\n<p>Es ist wichtig, sich zu vernetzen und Strukturen aufzubauen, um den Widerstand zu organisieren \u2013 nicht nur gegen Rassismus und Faschismus, sondern auch gegen Nationalismus, Antisemitismus, Sexismus, Homosexuellenfeindlichkeit und die kapitalistische Gesamtschei\u00dfe.<\/p>\n<p>Du willst endlich was dagegen tun, wusstest bisher aber nicht wo, wie und mit wem? Dann komm zum Offenen Antifa Treffen (OAT).<\/p>\n<hr \/>\n<h2 class=\"entry-title\">Etwas zur Geschichte von offenen antifaschistischen Treffen in Leipzig<\/h2>\n<p>Hintergrund zu offenen antifaschistischen Treffen oder Plenum in Leipzig, bietet ein Artikel in der <i><a href=\"http:\/\/ildb.nadir.org\/11035.html\">Klarofix #74<\/a> <\/i>aus dem Jahr 2000:<\/p>\n<blockquote><p><strong>OAP \u2013 was nun?<\/strong><\/p>\n<p><strong>Zur gegenw\u00e4rtigen Situation und dem Anspruch des Offenen Antifaschistischen Plenums (OAP) Leipzig<\/strong><\/p>\n<p>Das Offene Antifaschistische Plenum geh\u00f6rt seit Jahren zu den in Leipzig bestehenden antifaschistischen Gruppen. Gr\u00fcnde gab und gibt es zu Gen\u00fcge, meist geliefert durch Nazis, was nicht hei\u00dfen soll, dass andere Themen im OAP keinen Platz haben. Egal ob es nun die Nazis aus Leipzig\/Gr\u00fcnau, Wurzen, Bremen oder \u2026 waren oder sind, die den Ansto\u00df gaben, f\u00fcr einige Antifas wurde der Donnerstagabend zum festen Termin im Kalender.<\/p>\n<p>Jede\/r hat schon einmal etwas davon geh\u00f6rt, fast alle waren mindestens einmal dort \u2026 m\u00fcsste doch alles zur besten Zufriedenheit mit der Situation im \/ ums OAP sein. Aber: Keiner redet mehr dar\u00fcber \u2026 Anlass f\u00fcr uns das OAP aus der Kiste der Vergessenheit hervorzuholen oder Menschen, welche dieses Plenum nicht kennen, neugierig zu machen, doch vielleicht einmal Donnerstags ins Conne Island zu schauen.<\/p>\n<p>1992\/93 gab es gen\u00fcgend rechten Strassenterror und Naziaktivit\u00e4ten in Leipzig und anderswo. Reaktionen und Aktionen waren gefordert. In Leipzig gab es zu diesem Zeitpunkt nur eine unabh\u00e4ngige Antifagruppe, die Antifa \u2013 Jugendfront. Die zweite gr\u00fcndete sich an einem Sonntag in der Lichtwirtschaft mit ganz vielen Interessierten. Die erste vom OAP geplante Aktion lief dann zu dem bei Nazis beliebten und allj\u00e4hrlich stattfindenden Rudolf \u2013 He\u00df \u2013 Gedenken 1993 in Fulda. 4 Busse und mehrere Autos fuhren nach Weimar, wo der Aufmarsch mit Fahnen und Trommeln eigentlich stattfinden sollte.<\/p>\n<p>Heute ist es kein Sonntag mehr, an dem sich das OAP trifft und auch der Ort hat sich ge\u00e4ndert, aber das Anliegen ist \u00e4hnlich geblieben. Das Plenum begreift sich einerseits als Informationspool. Ereignisse, die gelaufen sind oder anstehen, werden besprochen. Auf der anderen Seite soll es Koordinierungstreffen f\u00fcr Antifa \u2013 Aktionen sein. Damit bietet es vor allem Menschen, die einen linken und antifaschistischen Anspruch haben und nich in anderen Gruppen vernetzt sind, die M\u00f6glichkeit, organisiert zu Demonstrationen etc. zu fahren.<\/p>\n<p>Aber das OAP sollte mehr sein, als eine Informations \u2013 und Koordinierungsb\u00f6rse. Es soll Menschen, die Stress mit Faschos und \u00e4hnlichem haben, einen Anlaufpunkt geben, der sie eventuell unterst\u00fctzen kann und \/ oder aber andere Gruppen zwecks Mithilfe anspricht. Eine weitere Idee, war sich w\u00f6chentlich oder monatlich einem Thema, zu dem nicht unbedingt gerade Aktionen laufen m\u00fcssen, inhaltlich zu widmen. Und sich auch dar\u00fcber nach aussen zu artikulieren, zum Beispiel \u00fcber Redebeitr\u00e4ge auf den entsprechenden Demonstrationen.<\/p>\n<p>Das OAP versteht sich als antifaschistisch, was sich auch auf die Gr\u00fcndungsidee zur\u00fcckf\u00fchren l\u00e4sst. Der inhaltliche Schwerpunkt liegt auf dieser Ausrichtung. Doch dies bedeutet nicht, dass anderen Themen und Anspr\u00fcche komplett ausgeblendet sind. Das \u201eA\u201c im OAP, steht ebenso f\u00fcr antirassistisch und antisexistisch. Dies bedeutet, dass die Koordinierung und der Informationsaustausch nat\u00fcrlich zum Beispiel Antira \u2013 Gruppen einschlie\u00dft.<\/p>\n<p>Das Plenum ist ein offenes. Dies ist einer der wichtigsten Anspr\u00fcche des OAP`s. Es bietet damit linken \/ linksradikalen Menschen ohne Einbindung in andere, meist geschlossenen Gruppen, einen Anlaufpunkt. Viele BesucherInnen des OAP`s sehen darin auch einen der wichtigsten Anspr\u00fcche dieses Plenums: \u201e(\u2026) Es ist ziemlich unangenehm und schwierig f\u00fcr junge Menschen oder Leute, welche erst seit kurzem in Leipzig wohnen, in eine feste in sich geschlossene Gruppe herein zu schneien (\u2026)\u201c.<\/p>\n<p>Hier kann der 1. Kontakt zu einer organisierten Antifa hergestellt werden, ein extrem wichtiger Punkt f\u00fcr sehr junge Antifas, um zum Beispiel nicht mehr v\u00f6llig allein und unkoordiniert zu Aktionen fahren zu m\u00fcssen. Und nat\u00fcrlich besteht \u00fcber dieses Plenum auch die M\u00f6glichkeit in andere Gruppen und AG`s eingebunden zu werden. Eine aktuelles Beispiel daf\u00fcr ist die AG \u00f6ffentliche R\u00e4ume des BgR.<\/p>\n<p>Daf\u00fcr ist es aber notwendig, dass andere Gruppen eine Mitverantwortung f\u00fcr das OAP \u00fcbernehmen. Eine Idee, welche dazu im OAP entstand, ist der Wunsch, dass Gruppen bei Bedarf im OAP zum Beispiel neue Arbeitsgruppen vorstellen, wenn sie f\u00fcr diese Leute, die aktiv und inhaltlich mitarbeiten wollen, suchen. Und das OAP aus dem Regal hervorzuholen.<\/p>\n<p>Im Moment ist der Zuspruch neuer Leute zum OAP ziemlich gering, vielleicht liegt das an der fehlenden Attraktivit\u00e4t des selben, vielleicht an etwas anderem. Deshalb ist jede\/r Antifa und sich linksradikal Verstehende\/r dazu aufgerufen, Kritiken, W\u00fcnsche und vor allem neue Ideen in das OAP zu bringen. Aber vielleicht liegt es auch daran dass alle denken, jede\/r kennt das OAP und keiner redet mehr dar\u00fcber, wann, wo und mit welchen Anspruch sich dort Menschen treffen.<\/p>\n<p>Eure OAP \u2013 Vorbereitungsgruppe<\/p><\/blockquote>\n","protected":false},"excerpt":{"rendered":"<p>Nicht in einer politischen Gruppe organisiert? Neu in der Stadt? Kein Bock auf Nazis? Probleme mit den Rechten? Aus \u00dcberzeugung gegen Rassismus und Faschismus? In ganz Deutschland werden Unterk\u00fcnfte f\u00fcr Gefl\u00fcchtete attackiert und in Brand gesetzt, besonders h\u00e4ufig in Sachsen. &hellip; <a href=\"https:\/\/oatle.noblogs.org\/?page_id=15\">Continue reading <span class=\"meta-nav\">&rarr;<\/span><\/a><\/p>\n","protected":false},"author":14535,"featured_media":0,"parent":0,"menu_order":3,"comment_status":"closed","ping_status":"closed","template":"","meta":{"footnotes":""},"class_list":["post-15","page","type-page","status-publish","hentry"],"_links":{"self":[{"href":"https:\/\/oatle.noblogs.org\/index.php?rest_route=\/wp\/v2\/pages\/15","targetHints":{"allow":["GET"]}}],"collection":[{"href":"https:\/\/oatle.noblogs.org\/index.php?rest_route=\/wp\/v2\/pages"}],"about":[{"href":"https:\/\/oatle.noblogs.org\/index.php?rest_route=\/wp\/v2\/types\/page"}],"author":[{"embeddable":true,"href":"https:\/\/oatle.noblogs.org\/index.php?rest_route=\/wp\/v2\/users\/14535"}],"replies":[{"embeddable":true,"href":"https:\/\/oatle.noblogs.org\/index.php?rest_route=%2Fwp%2Fv2%2Fcomments&post=15"}],"version-history":[{"count":2,"href":"https:\/\/oatle.noblogs.org\/index.php?rest_route=\/wp\/v2\/pages\/15\/revisions"}],"predecessor-version":[{"id":239,"href":"https:\/\/oatle.noblogs.org\/index.php?rest_route=\/wp\/v2\/pages\/15\/revisions\/239"}],"wp:attachment":[{"href":"https:\/\/oatle.noblogs.org\/index.php?rest_route=%2Fwp%2Fv2%2Fmedia&parent=15"}],"curies":[{"name":"wp","href":"https:\/\/api.w.org\/{rel}","templated":true}]}}